{"id":869,"date":"2018-06-12T14:57:16","date_gmt":"2018-06-12T12:57:16","guid":{"rendered":"http:\/\/www.przykominku.com.pl\/o-firmie\/"},"modified":"2018-08-26T15:31:52","modified_gmt":"2018-08-26T13:31:52","slug":"o-firmie","status":"publish","type":"page","link":"https:\/\/www.przykominku.com.pl\/de\/o-firmie\/","title":{"rendered":"O firmie"},"content":{"rendered":"<p>[vc_row css=&#8220;.vc_custom_1500471221411{margin-bottom: 15px !important;}&#8220;][vc_column]\n<div id=\"rev_slider_7_1_wrapper\" class=\"rev_slider_wrapper fullwidthbanner-container\" data-source=\"gallery\" style=\"margin:0px auto;background:transparent;padding:0px;margin-top:0px;margin-bottom:0px;\">\n<!-- START REVOLUTION SLIDER 5.4.3 auto mode -->\n\t<div id=\"rev_slider_7_1\" class=\"rev_slider fullwidthabanner\" style=\"display:none;\" data-version=\"5.4.3\">\n<ul>\t<!-- SLIDE  -->\n\t<li data-index=\"rs-8\" data-transition=\"fade\" data-slotamount=\"default\" data-hideafterloop=\"0\" data-hideslideonmobile=\"off\"  data-easein=\"default\" data-easeout=\"default\" data-masterspeed=\"300\"  data-rotate=\"0\"  data-saveperformance=\"off\"  data-title=\"Slide\" data-param1=\"\" data-param2=\"\" data-param3=\"\" data-param4=\"\" data-param5=\"\" data-param6=\"\" data-param7=\"\" data-param8=\"\" data-param9=\"\" data-param10=\"\" data-description=\"\">\n\t\t<!-- MAIN IMAGE -->\n\t\t<img loading=\"lazy\" decoding=\"async\" src=\"https:\/\/www.przykominku.com.pl\/wp-content\/uploads\/2017\/07\/6.jpg\"  alt=\"\" title=\"6\"  width=\"1800\" height=\"1012\" data-bgposition=\"50% 68%\" data-bgfit=\"cover\" data-bgrepeat=\"no-repeat\" data-bgparallax=\"15\" class=\"rev-slidebg\" data-no-retina>\n\t\t<!-- LAYERS -->\n\t<\/li>\n<\/ul>\n<div class=\"tp-bannertimer tp-bottom\" style=\"visibility: hidden !important;\"><\/div>\t<\/div>\n<script>var htmlDiv = document.getElementById(\"rs-plugin-settings-inline-css\"); var htmlDivCss=\"\";\r\n\t\t\t\tif(htmlDiv) {\r\n\t\t\t\t\thtmlDiv.innerHTML = htmlDiv.innerHTML + htmlDivCss;\r\n\t\t\t\t}else{\r\n\t\t\t\t\tvar htmlDiv = document.createElement(\"div\");\r\n\t\t\t\t\thtmlDiv.innerHTML = \"<style>\" + htmlDivCss + \"<\/style>\";\r\n\t\t\t\t\tdocument.getElementsByTagName(\"head\")[0].appendChild(htmlDiv.childNodes[0]);\r\n\t\t\t\t}\r\n\t\t\t<\/script>\n\t\t<script type=\"text\/javascript\">\r\nsetREVStartSize({c: jQuery('#rev_slider_7_1'), gridwidth: [1920], gridheight: [320], sliderLayout: 'auto'});\r\n\t\t\t\r\nvar revapi7,\r\n\ttpj=jQuery;\r\n\t\t\t\r\ntpj(document).ready(function() {\n\tif(tpj(\"#rev_slider_7_1\").revolution == undefined){\n\t\trevslider_showDoubleJqueryError(\"#rev_slider_7_1\");\n\t}else{\n\t\trevapi7 = tpj(\"#rev_slider_7_1\").show().revolution({\n\t\t\tsliderType:\"standard\",\n\t\t\tjsFileLocation:\"\/\/www.przykominku.com.pl\/wp-content\/plugins\/revslider\/public\/assets\/js\/\",\n\t\t\tsliderLayout:\"auto\",\n\t\t\tdottedOverlay:\"none\",\n\t\t\tdelay:9000,\n\t\t\tnavigation: {\n\t\t\t\tonHoverStop:\"off\",\n\t\t\t},\n\t\t\tvisibilityLevels:[1240,1024,778,480],\n\t\t\tgridwidth:1920,\n\t\t\tgridheight:320,\n\t\t\tlazyType:\"none\",\n\t\t\tparallax: {\n\t\t\t\ttype:\"mouse\",\n\t\t\t\torigo:\"enterpoint\",\n\t\t\t\tspeed:400,\n\t\t\t\tlevels:[5,10,15,20,25,30,35,40,45,46,47,48,49,50,51,55],\n\t\t\t},\n\t\t\tshadow:0,\n\t\t\tspinner:\"spinner0\",\n\t\t\tstopLoop:\"off\",\n\t\t\tstopAfterLoops:-1,\n\t\t\tstopAtSlide:-1,\n\t\t\tshuffle:\"off\",\n\t\t\tautoHeight:\"off\",\n\t\t\tdisableProgressBar:\"on\",\n\t\t\thideThumbsOnMobile:\"off\",\n\t\t\thideSliderAtLimit:0,\n\t\t\thideCaptionAtLimit:0,\n\t\t\thideAllCaptionAtLilmit:0,\n\t\t\tdebugMode:false,\n\t\t\tfallbacks: {\n\t\t\t\tsimplifyAll:\"off\",\n\t\t\t\tnextSlideOnWindowFocus:\"off\",\n\t\t\t\tdisableFocusListener:false,\n\t\t\t}\n\t\t});\n\t}\n\t\n});\t\/*ready*\/\n<\/script>\r\n\t\t<\/div><!-- END REVOLUTION SLIDER -->[vc_column_text css=&#8220;.vc_custom_1528808301480{padding-top: 23px !important;padding-bottom: 23px !important;background-color: #f7f8f8 !important;}&#8220;]<\/p>\n<h2 style=\"text-align: center; font-weight: 300;\">O firmie<\/h2>\n<p>[\/vc_column_text][\/vc_column][\/vc_row][vc_row full_width=&#8220;stretch_row&#8220;][vc_column][vc_column_text]<span style=\"font-size: large;\">Wychodz\u0105c naprzeciw potrzebom naszych klient\u00f3w wykonujemy kominki zgodnie z ich oczekiwaniami i zasadami sztuki zdu\u0144skiej.<\/span><\/p>\n<p><span style=\"font-size: large;\">Zapewniamy kompleksow\u0105 obs\u0142ug\u0119 , zaczynaj\u0105c od wykonania indywidualnego projektu, dobrania wszystkich materia\u0142\u00f3w i odpowiedniego paleniska po wykonanie kompletnego kominka zgodnie z wizj\u0105 klienta.<\/span><\/p>\n<p><span style=\"font-size: large;\">Budujemy kominki od 1995 roku nieustannie wzbogacaj\u0105c sw\u0105 wiedz\u0119 i do\u015bwiadczenie w tej dziedzinie , od samego pocz\u0105tku stawiamy szczeg\u00f3ln\u0105 uwag\u0119 na jako\u015b\u0107.<\/span><\/p>\n<h4><span style=\"font-size: large;\">Obudowy kominkowe<\/span><\/h4>\n<p><span style=\"font-size: large;\">W naszej ofercie znajd\u0105 Pa\u0144stwo wszystkie rodzaje obud\u00f3w kominkowych :<\/span><\/p>\n<p><a href=\"http:\/\/www.przykominku.com.pl\/nowoczesne\/\"><span style=\"font-size: large;\">-kominki nowoczesne<\/span><\/a><\/p>\n<p><a href=\"http:\/\/www.przykominku.com.pl\/rustykalne\/\"><span style=\"font-size: large;\">-tradycyjne kominki rustykalne<\/span><\/a><\/p>\n<p><a href=\"http:\/\/www.przykominku.com.pl\/stylowe\/\"><span style=\"font-size: large;\">-kominki stylowe i portalowe<\/span><\/a><\/p>\n<p><a href=\"http:\/\/www.przykominku.com.pl\/kaflowe\/\"><span style=\"font-size: large;\">-kominki kaflowe<\/span><\/a><\/p>\n<h4><span style=\"font-size: large;\">Wk\u0142ady kominkowe<\/span><\/h4>\n<p><span style=\"font-size: large;\">W swojej ofercie posiadamy r\u00f3wnie\u017c <a href=\"http:\/\/www.przykominku.com.pl\/wklady\/\">wk\u0142ady kominkowe<\/a> wi\u0119kszo\u015bci wiod\u0105cych producent\u00f3w. Oferujemy paleniska powietrzne jak r\u00f3wnie\u017c wk\u0142ady z p\u0142aszczem wodnym . <\/span><\/p>\n<p><span style=\"font-size: large;\">Wk\u0142ady z prost\u0105 szyb\u0105 a tak\u017ce z boczn\u0105 szyb\u0105 z opcj\u0105 podnoszenia do g\u00f3ry lub tylko otwierane na bok.<\/span><\/p>\n<h4><span style=\"font-size: large;\">Kominy<\/span><\/h4>\n<p><span style=\"font-size: large;\">Do naszych komink\u00f3w oferujemy r\u00f3wnie\u017c monta\u017c komin\u00f3w systemowych z wsadem ceramicznym , zewn\u0119trzne kominy kwasoodporne z izolacj\u0105 oraz wsady kominowe do ju\u017c istniej\u0105cy przewod\u00f3w dymowych.<\/span><\/p>\n<p><span style=\"font-size: large;\">B\u0119dzie nam niezmiernie mi\u0142o je\u015bli zechc\u0105 Pa\u0144stwo zapozna\u0107 si\u0119 z nasz\u0105 ofert\u0105.<\/span><\/p>\n<h4><\/h4>\n<p><span style=\"font-size: large;\">Pozdrawiamy<\/span><\/p>\n<p><span style=\"font-size: large;\">Zesp\u00f3\u0142 \u201ePrzy Kominku\u201d<\/span><\/p>\n<p><span style=\"font-size: large;\">\u00a0<\/span>[\/vc_column_text][\/vc_column][\/vc_row]<\/p>\n","protected":false},"excerpt":{"rendered":"<p>[vc_row css=&#8220;.vc_custom_1500471221411{margin-bottom: 15px !important;}&#8220;][vc_column][vc_column_text css=&#8220;.vc_custom_1528808301480{padding-top: 23px !important;padding-bottom: 23px !important;background-color: #f7f8f8 !important;}&#8220;] O firmie [\/vc_column_text][\/vc_column][\/vc_row][vc_row full_width=&#8220;stretch_row&#8220;][vc_column][vc_column_text]Wychodz\u0105c naprzeciw potrzebom naszych klient\u00f3w wykonujemy kominki zgodnie z ich oczekiwaniami i zasadami sztuki zdu\u0144skiej. Zapewniamy kompleksow\u0105 obs\u0142ug\u0119 , zaczynaj\u0105c od wykonania indywidualnego projektu, dobrania wszystkich materia\u0142\u00f3w i odpowiedniego paleniska po wykonanie kompletnego kominka zgodnie z wizj\u0105 klienta. Budujemy kominki od [&hellip;]<\/p>\n","protected":false},"author":1,"featured_media":0,"parent":0,"menu_order":0,"comment_status":"closed","ping_status":"closed","template":"","meta":{"footnotes":""},"class_list":["post-869","page","type-page","status-publish","hentry"],"_links":{"self":[{"href":"https:\/\/www.przykominku.com.pl\/de\/wp-json\/wp\/v2\/pages\/869\/"}],"collection":[{"href":"https:\/\/www.przykominku.com.pl\/de\/wp-json\/wp\/v2\/pages\/"}],"about":[{"href":"https:\/\/www.przykominku.com.pl\/de\/wp-json\/wp\/v2\/types\/page\/"}],"author":[{"embeddable":true,"href":"https:\/\/www.przykominku.com.pl\/de\/wp-json\/wp\/v2\/users\/1\/"}],"replies":[{"embeddable":true,"href":"https:\/\/www.przykominku.com.pl\/de\/wp-json\/wp\/v2\/comments\/?post=869"}],"version-history":[{"count":11,"href":"https:\/\/www.przykominku.com.pl\/de\/wp-json\/wp\/v2\/pages\/869\/revisions\/"}],"predecessor-version":[{"id":1034,"href":"https:\/\/www.przykominku.com.pl\/de\/wp-json\/wp\/v2\/pages\/869\/revisions\/1034\/"}],"wp:attachment":[{"href":"https:\/\/www.przykominku.com.pl\/de\/wp-json\/wp\/v2\/media\/?parent=869"}],"curies":[{"name":"wp","href":"https:\/\/api.w.org\/{rel}","templated":true}]}}