{"id":857,"date":"2017-07-18T13:02:47","date_gmt":"2017-07-18T11:02:47","guid":{"rendered":"http:\/\/www.przykominku.com.pl\/kontakt\/"},"modified":"2018-06-13T15:12:11","modified_gmt":"2018-06-13T13:12:11","slug":"kontakt","status":"publish","type":"page","link":"https:\/\/www.przykominku.com.pl\/de\/kontakt\/","title":{"rendered":"Kontakt"},"content":{"rendered":"<p>[vc_row][vc_column][vc_gmaps link=&#8220;#E-8_JTNDaWZyYW1lJTIwc3JjJTNEJTIyaHR0cHMlM0ElMkYlMkZ3d3cuZ29vZ2xlLmNvbSUyRm1hcHMlMkZlbWJlZCUzRnBiJTNEJTIxMW0xOCUyMTFtMTIlMjExbTMlMjExZDI0MTkuMjE5OTI5OTk5Mjc4JTIxMmQxNC44OTAxMDg2MTU4MTMyNiUyMTNkNTIuNjc0MDY2MTc5ODQzNzUlMjEybTMlMjExZjAlMjEyZjAlMjEzZjAlMjEzbTIlMjExaTEwMjQlMjEyaTc2OCUyMTRmMTMuMSUyMTNtMyUyMTFtMiUyMTFzMHg0NzA3MTE3MTVkMGEzM2RiJTI1M0EweDg4MmVhNDI3MjhlNjFmMTklMjEycyUyNTIyUHJ6eSUyQktvbWlua3UlMjUyMiUyMTVlMCUyMTNtMiUyMTFzcGwlMjEyc3BsJTIxNHYxNTAwODgyOTk5MTY2JTIyJTIwd2lkdGglM0QlMjIxMDAlMjUlMjIlMjBoZWlnaHQlM0QlMjI1NjAlMjIlMjBmcmFtZWJvcmRlciUzRCUyMjAlMjIlMjBzdHlsZSUzRCUyMmJvcmRlciUzQTAlMjIlMjBhbGxvd2Z1bGxzY3JlZW4lM0UlM0MlMkZpZnJhbWUlM0U=&#8220; size=&#8220;560&#8243;][\/vc_column][\/vc_row][vc_row full_width=&#8220;stretch_row&#8220; css=&#8220;.vc_custom_1500466592080{margin-top: 90px !important;margin-bottom: 55px !important;}&#8220;][vc_column width=&#8220;1\/3&#8243; css=&#8220;.vc_custom_1500469414068{background-position: 0 0 !important;background-repeat: no-repeat !important;}&#8220;][vc_column_text css=&#8220;.vc_custom_1500882961149{padding-left: 50px !important;background-image: url(http:\/\/www.przykominku.com.pl\/wp-content\/uploads\/2017\/07\/kon.png?id=544) !important;background-position: 0 0 !important;background-repeat: no-repeat !important;}&#8220;]<\/p>\n<h4 style=\"font-weight: bold;\">Dane adresowe<\/h4>\n<p style=\"color: #1a1b27; line-height: 40px; font-size: 16px;\"><strong>Przy Kominku Mariusz Kasprzak<\/strong><br \/>\nul. Piaskowa 6<br \/>\n66-460 Witnica<br \/>\ntelefon: <a href=\"tel:501669575\">+48 501 669 575<\/a><br \/>\ne-mail: <a href=\"mailto:kontakt@przykominku.com.pl\">kontakt@przykominku.com.pl<\/a><\/p>\n<p>[\/vc_column_text][\/vc_column][vc_column width=&#8220;2\/3&#8243;][vc_column_text]<\/p>\n<h3 style=\"font-weight: bold;\">Wy\u015blij nam wiadomo\u015b\u0107<\/h3>\n<p>[\/vc_column_text]\n<div class=\"wpcf7 no-js\" id=\"wpcf7-f537-o1\" lang=\"pl-PL\" dir=\"ltr\" data-wpcf7-id=\"537\">\n<div class=\"screen-reader-response\"><p role=\"status\" aria-live=\"polite\" aria-atomic=\"true\"><\/p> <ul><\/ul><\/div>\n<form action=\"\/de\/wp-json\/wp\/v2\/pages\/857\/#wpcf7-f537-o1\" method=\"post\" class=\"wpcf7-form init\" aria-label=\"Formularz kontaktowy\" novalidate=\"novalidate\" data-status=\"init\">\n<div style=\"display: none;\">\n<input type=\"hidden\" name=\"_wpcf7\" value=\"537\" \/>\n<input type=\"hidden\" name=\"_wpcf7_version\" value=\"6.0.6\" \/>\n<input type=\"hidden\" name=\"_wpcf7_locale\" value=\"pl_PL\" \/>\n<input type=\"hidden\" name=\"_wpcf7_unit_tag\" value=\"wpcf7-f537-o1\" \/>\n<input type=\"hidden\" name=\"_wpcf7_container_post\" value=\"0\" \/>\n<input type=\"hidden\" name=\"_wpcf7_posted_data_hash\" value=\"\" \/>\n<\/div>\n<div class=\"column one-second\">\n\t<p><span class=\"wpcf7-form-control-wrap\" data-name=\"your-name\"><input size=\"40\" maxlength=\"400\" class=\"wpcf7-form-control wpcf7-text wpcf7-validates-as-required\" aria-required=\"true\" aria-invalid=\"false\" placeholder=\"Imi\u0119 i nazwisko\" value=\"\" type=\"text\" name=\"your-name\" \/><\/span>\n\t<\/p>\n<\/div>\n<div class=\"column one-second\">\n\t<p><span class=\"wpcf7-form-control-wrap\" data-name=\"your-email\"><input size=\"40\" maxlength=\"400\" class=\"wpcf7-form-control wpcf7-email wpcf7-validates-as-required wpcf7-text wpcf7-validates-as-email\" aria-required=\"true\" aria-invalid=\"false\" placeholder=\"Email\" value=\"\" type=\"email\" name=\"your-email\" \/><\/span>\n\t<\/p>\n<\/div>\n<div class=\"column one\">\n\t<p><span class=\"wpcf7-form-control-wrap\" data-name=\"your-subject\"><input size=\"40\" maxlength=\"400\" class=\"wpcf7-form-control wpcf7-text\" aria-invalid=\"false\" placeholder=\"Temat wiadomo\u015bci\" value=\"\" type=\"text\" name=\"your-subject\" \/><\/span>\n\t<\/p>\n<\/div>\n<div class=\"column one\">\n\t<p><span class=\"wpcf7-form-control-wrap\" data-name=\"your-message\"><textarea cols=\"40\" rows=\"8\" maxlength=\"2000\" class=\"wpcf7-form-control wpcf7-textarea\" aria-invalid=\"false\" placeholder=\"Twoja wiadomo\u015bci\" name=\"your-message\"><\/textarea><\/span>\n\t<\/p>\n<\/div>\n<div class=\"column one\">\n\t<p><input class=\"wpcf7-form-control wpcf7-submit has-spinner button_full_width\" type=\"submit\" value=\"WY\u015aLIJ WIADOMO\u015a\u0106\" \/>\n\t<\/p>\n<\/div><div class=\"wpcf7-response-output\" aria-hidden=\"true\"><\/div>\n<\/form>\n<\/div>\n[\/vc_column][\/vc_row][vc_row full_width=&#8220;stretch_row&#8220; equal_height=&#8220;yes&#8220; content_placement=&#8220;middle&#8220; css=&#8220;.vc_custom_1500383988762{margin-bottom: 0px !important;}&#8220;][vc_column width=&#8220;3\/4&#8243;][vc_column_text]<\/p>\n<h3 style=\"font-weight: bold; line-height: 36px;\">Masz pytania?<br \/>\nZadzwo\u0144: <span style=\"color: red;\">+48 501 669 575<\/span><br \/>\nNapisz: <span style=\"color: red;\">kontakt@przykominku.com.pl<\/span><\/h3>\n<p><a style=\"font-size: 13px; color: red;\" href=\"kontakt\/\">Formularz kontaktowy<\/a>[\/vc_column_text][\/vc_column][vc_column width=&#8220;1\/4&#8243; css=&#8220;.vc_custom_1500383523630{margin-bottom: 0px !important;}&#8220;][vc_single_image image=&#8220;491&#8243; img_size=&#8220;full&#8220; alignment=&#8220;center&#8220; css=&#8220;.vc_custom_1500385225919{margin-bottom: 0px !important;}&#8220;][\/vc_column][\/vc_row]<\/p>\n","protected":false},"excerpt":{"rendered":"<p>[vc_row][vc_column][vc_gmaps link=&#8220;#E-8_JTNDaWZyYW1lJTIwc3JjJTNEJTIyaHR0cHMlM0ElMkYlMkZ3d3cuZ29vZ2xlLmNvbSUyRm1hcHMlMkZlbWJlZCUzRnBiJTNEJTIxMW0xOCUyMTFtMTIlMjExbTMlMjExZDI0MTkuMjE5OTI5OTk5Mjc4JTIxMmQxNC44OTAxMDg2MTU4MTMyNiUyMTNkNTIuNjc0MDY2MTc5ODQzNzUlMjEybTMlMjExZjAlMjEyZjAlMjEzZjAlMjEzbTIlMjExaTEwMjQlMjEyaTc2OCUyMTRmMTMuMSUyMTNtMyUyMTFtMiUyMTFzMHg0NzA3MTE3MTVkMGEzM2RiJTI1M0EweDg4MmVhNDI3MjhlNjFmMTklMjEycyUyNTIyUHJ6eSUyQktvbWlua3UlMjUyMiUyMTVlMCUyMTNtMiUyMTFzcGwlMjEyc3BsJTIxNHYxNTAwODgyOTk5MTY2JTIyJTIwd2lkdGglM0QlMjIxMDAlMjUlMjIlMjBoZWlnaHQlM0QlMjI1NjAlMjIlMjBmcmFtZWJvcmRlciUzRCUyMjAlMjIlMjBzdHlsZSUzRCUyMmJvcmRlciUzQTAlMjIlMjBhbGxvd2Z1bGxzY3JlZW4lM0UlM0MlMkZpZnJhbWUlM0U=&#8220; size=&#8220;560&#8243;][\/vc_column][\/vc_row][vc_row full_width=&#8220;stretch_row&#8220; css=&#8220;.vc_custom_1500466592080{margin-top: 90px !important;margin-bottom: 55px !important;}&#8220;][vc_column width=&#8220;1\/3&#8243; css=&#8220;.vc_custom_1500469414068{background-position: 0 0 !important;background-repeat: no-repeat !important;}&#8220;][vc_column_text css=&#8220;.vc_custom_1500882961149{padding-left: 50px !important;background-image: url(http:\/\/www.przykominku.com.pl\/wp-content\/uploads\/2017\/07\/kon.png?id=544) !important;background-position: 0 0 !important;background-repeat: no-repeat !important;}&#8220;] Dane adresowe Przy Kominku Mariusz Kasprzak ul. Piaskowa 6 66-460 Witnica telefon: +48 501 669 575 e-mail: kontakt@przykominku.com.pl [\/vc_column_text][\/vc_column][vc_column width=&#8220;2\/3&#8243;][vc_column_text] Wy\u015blij nam wiadomo\u015b\u0107 [\/vc_column_text][\/vc_column][\/vc_row][vc_row full_width=&#8220;stretch_row&#8220; equal_height=&#8220;yes&#8220; content_placement=&#8220;middle&#8220; css=&#8220;.vc_custom_1500383988762{margin-bottom: 0px [&hellip;]<\/p>\n","protected":false},"author":1,"featured_media":0,"parent":0,"menu_order":0,"comment_status":"closed","ping_status":"closed","template":"","meta":{"footnotes":""},"class_list":["post-857","page","type-page","status-publish","hentry"],"_links":{"self":[{"href":"https:\/\/www.przykominku.com.pl\/de\/wp-json\/wp\/v2\/pages\/857\/"}],"collection":[{"href":"https:\/\/www.przykominku.com.pl\/de\/wp-json\/wp\/v2\/pages\/"}],"about":[{"href":"https:\/\/www.przykominku.com.pl\/de\/wp-json\/wp\/v2\/types\/page\/"}],"author":[{"embeddable":true,"href":"https:\/\/www.przykominku.com.pl\/de\/wp-json\/wp\/v2\/users\/1\/"}],"replies":[{"embeddable":true,"href":"https:\/\/www.przykominku.com.pl\/de\/wp-json\/wp\/v2\/comments\/?post=857"}],"version-history":[{"count":1,"href":"https:\/\/www.przykominku.com.pl\/de\/wp-json\/wp\/v2\/pages\/857\/revisions\/"}],"predecessor-version":[{"id":860,"href":"https:\/\/www.przykominku.com.pl\/de\/wp-json\/wp\/v2\/pages\/857\/revisions\/860\/"}],"wp:attachment":[{"href":"https:\/\/www.przykominku.com.pl\/de\/wp-json\/wp\/v2\/media\/?parent=857"}],"curies":[{"name":"wp","href":"https:\/\/api.w.org\/{rel}","templated":true}]}}